{"id":3896,"date":"2017-04-04T21:16:57","date_gmt":"2017-04-04T21:16:57","guid":{"rendered":"http:\/\/amdhparis.org\/wordpress\/?page_id=3896"},"modified":"2017-04-13T21:03:22","modified_gmt":"2017-04-13T21:03:22","slug":"organisation","status":"publish","type":"page","link":"http:\/\/amdhparis.org\/wordpress\/?page_id=3896","title":{"rendered":"Organisation"},"content":{"rendered":"<p><span style=\"font-weight: 400;\">L\u2019AMDH compte plus de 10.000 adh\u00e9rent(e)s \u00e0 fin d\u00e9cembre 2009 dont 20% de femmes.\u00a0<\/span><span style=\"font-weight: 400;\">Elle a 91 sections locales, 4 commissions pr\u00e9paratoires et 9 sections r\u00e9gionales r\u00e9parties sur l\u2019ensemble du territoire et \u00e0 l&rsquo;\u00e9tranger.\u00a0<\/span><span style=\"font-weight: 400;\">Le Congr\u00e8s national se tient tous les trois ans\u00a0; il \u00e9lit une commission administrative dont le nombre maximal est fix\u00e9 \u00e0 75 membres. Elle se r\u00e9unit 4 fois par an.\u00a0<\/span><span style=\"font-weight: 400;\">La Commission administrative \u00e9lit \u00e0 son tour le Bureau central\u00a0; c\u2019est l\u2019organe ex\u00e9cutif de l\u2019AMDH, il se r\u00e9unit 2 fois par mois.<\/span><\/p>\n<p><span style=\"font-weight: 400;\">L\u2019activit\u00e9 de l\u2019AMDH est centr\u00e9e sur quatre cat\u00e9gories essentielles\u00a0: femmes, jeunes, travailleurs, intellectuels d\u00e9mocrates. S\u2019agissant de la participation f\u00e9minine aux postes de responsabilit\u00e9, l\u2019AMDH a r\u00e9alis\u00e9 avec un succ\u00e8s total en son sein le mot d\u2019ordre\u00a0: \u00ab\u00a0Un tiers au moins, dans la perspective de la parit\u00e9\u00a0\u00bb. Aujourd\u2019hui la commission administrative, le Bureau central et tous les bureaux des sections locales sont compos\u00e9s pour un tiers au moins de femmes.<\/span><\/p>\n<h2><b>NOS PRINCIPALES ACTIVITES<\/b><\/h2>\n<p><b>L\u2019AMDH <\/b><span style=\"font-weight: 400;\">organise de nombreuses activit\u00e9s, seule ou en collaboration avec d\u2019autres organismes, tant au niveau central que local\u00a0; les plus importantes concernent\u00a0:<\/span><\/p>\n<ul>\n<li><b>Les violations des droits humains\u00a0: <\/b><span style=\"font-weight: 400;\">l\u2019AMDH proc\u00e8de au suivi des violations, aux prises de positions et mesures pour y mettre un terme et rendre justice aux victimes.<\/span><\/li>\n<li><b>La formation aux droits humains\u00a0: <\/b>elle concerne principalement les membres de l\u2019AMDH\u00a0; mais elle est largement ouverte aux membres d\u2019autres organisations d\u00e9mocratiques dont les organisations des droits humains.<\/li>\n<li><b>L\u2019\u00e9ducation aux droits humains\u00a0: <\/b>l\u2019AMDH accorde de plus en plus d\u2019importance \u00e0 cette activit\u00e9 notamment parmi les jeunes. Un contrat de partenariat a \u00e9t\u00e9 sign\u00e9 avec le Minist\u00e8re de l\u2019Education Nationale pour renforcer cette activit\u00e9.<\/li>\n<li><b>Les activit\u00e9s de rayonnement\u00a0: <\/b>par ce biais, l\u2019AMDH s\u2019adresse au grand public pour \u00e9largir la prise de conscience dans le domaine des droits humains\u00a0; parmi ces activit\u00e9s il y a notamment celles li\u00e9es \u00e0 la journ\u00e9e mondiale des droits humains (10 d\u00e9cembre), la journ\u00e9e nationale de la femme militante (11 d\u00e9cembre), la journ\u00e9e mondiale des migrants(18 d\u00e9cembre), la journ\u00e9e mondiale de la femme (8 mars), la journ\u00e9e mondiale des travailleurs (1er mai), l\u2019anniversaire de cr\u00e9ation de l\u2019AMDH (24 juin), la journ\u00e9e mondiale de soutien aux victimes de la torture (26 juin), la journ\u00e9e mondiale pour l\u2019abolition de la peine de mort (10 octobre), la journ\u00e9e mondiale pour l\u2019\u00e9limination de la pauvret\u00e9 (17 Octobre), la journ\u00e9e nationale du disparu (29 octobre), la journ\u00e9e mondiale de l\u2019Etudiant (17 novembre), la journ\u00e9e mondiale des Droits de l\u2019Enfant (20 novembre) et la journ\u00e9e mondiale de soutien au peuple palestinien (29 novembre).<\/li>\n<\/ul>\n<p><span style=\"font-weight: 400;\">Parmi les activit\u00e9s de rayonnement, il y a \u00e9galement celles li\u00e9es aux Clubs des Droits Humains et aux campements r\u00e9cr\u00e9atifs et \u00e9ducatifs pour les jeunes<\/span><\/p>\n<h2><b>INFORMATION ET COMMUNICATION<\/b><\/h2>\n<p><span style=\"font-weight: 400;\">L\u2019AMDH publie un journal mensuel en arabe sp\u00e9cialis\u00e9 dans le domaine des Droits Humains (\u00ab\u00a0Attadamoune\u00a0\u00bb = Solidarit\u00e9)\u00a0; il comporte quelques pages en fran\u00e7ais.\u00a0<\/span><span style=\"font-weight: 400;\">Elle publie un rapport annuel sur la situation des Droits Humains au Maroc et des rapports th\u00e9matiques sur les Droits Humains.\u00a0<\/span><span style=\"font-weight: 400;\">Elle \u00e9dite \u00e9galement des brochures et livres regroupant notamment les travaux et r\u00e9sultats de ses congr\u00e8s ou des cycles de formation et s\u00e9minaires et activit\u00e9s qu\u2019elle organise.\u00a0<\/span><span style=\"font-weight: 400;\">Elle fait para\u00eetre \u00e9galement des brochures internes faisant \u00e9tat des d\u00e9bats \u00e0 l\u2019int\u00e9rieur de l\u2019Association.\u00a0<\/span><span style=\"font-weight: 400;\">Elle organise des conf\u00e9rences de presse \u00e0 l\u2019occasion de la parution du rapport annuel et chaque fois qu\u2019il s\u2019av\u00e8re n\u00e9cessaire.\u00a0<\/span><span style=\"font-weight: 400;\">L\u2019AMDH dispose d\u2019un Centre d\u2019Information et de Documentation avec un fond documentaire important\u00a0; il est ouvert au public.<\/span><\/p>\n<h2><b>NOS RELATIONS<\/b><\/h2>\n<p><span style=\"font-weight: 400;\">Partant du mot d\u2019ordre sur \u00ab\u00a0<\/span><b>l\u2019unit\u00e9 d\u2019action pour la d\u00e9fense des Droits Humains<\/b><span style=\"font-weight: 400;\">\u00bb, l\u2019AMDH n\u2019a cess\u00e9 de renforcer ses relations bilat\u00e9rales avec de nombreuses organisations d\u00e9mocratiques tout en jouant un r\u00f4le important dans les diff\u00e9rents r\u00e9seaux et collectifs vou\u00e9s \u00e0 la d\u00e9fense des Droits Humains dans leur diversit\u00e9.<\/span><\/p>\n<h4>Nos principaux partenaires nationaux<\/h4>\n<ul>\n<li><b><span style=\"font-weight: 400;\">Les organisations de la soci\u00e9t\u00e9 civile, notamment les organisations de d\u00e9fense des Droits Humains g\u00e9n\u00e9ralistes ou sp\u00e9cialis\u00e9es, les centrales syndicales, les associations d\u00e9mocratiques diverses.<\/span><\/b><\/li>\n<li><span style=\"font-weight: 400;\">Les organisations politiques d\u00e9mocratiques.<\/span><\/li>\n<li><span style=\"font-weight: 400;\">Les organismes officiels notamment le Minist\u00e8re de l\u2019Education Nationale, le Secr\u00e9tariat d\u2019Etat \u00e0 la Jeunesse, le Minist\u00e8re de la Justice, le Conseil National des Droits de l\u2019Homme.<\/span><\/li>\n<\/ul>\n<h4>Nos relations\u00a0internationales<\/h4>\n<p><b> L\u2019AMDH est membre des organisations et r\u00e9seaux suivants\u00a0:<\/b><\/p>\n<ul>\n<li><b><span style=\"font-weight: 400;\">FIDH\u00a0: F\u00e9d\u00e9ration Internationale des Ligues des Droits de l\u2019Homme.<\/span><\/b><\/li>\n<li><span style=\"font-weight: 400;\">REMDH\u00a0: R\u00e9seau Euro-m\u00e9diterran\u00e9en des Droits de l\u2019Homme.<\/span><\/li>\n<li><span style=\"font-weight: 400;\">OADH\u00a0: Organisation Arabes des Droits de l\u2019Homme.<\/span><\/li>\n<li><span style=\"font-weight: 400;\">UIDH\u00a0: Union Interafricaine des Droits de l\u2019Homme.<\/span><\/li>\n<li><span style=\"font-weight: 400;\">CMODH\u00a0: Coordination Maghr\u00e9bine des Organisations\u00a0des Droits Humains.<\/span><\/li>\n<li><span style=\"font-weight: 400;\">Coalition Internationale pour l\u2019Habitat\u00a0: R\u00e9seau pour le Droit \u00e0 la terre et au logement.<\/span><\/li>\n<li><span style=\"font-weight: 400;\">AIJD\u00a0: Association Internationale des Juristes D\u00e9mocrates.<\/span><\/li>\n<li><span style=\"font-weight: 400;\">OMCT\u00a0: Organisation Mondiale Contrela Torture.<\/span><\/li>\n<\/ul>\n<p><b>Nos principaux partenaires \u00e9trangers sont\u00a0: <\/b><\/p>\n<ul>\n<li><b><span style=\"font-weight: 400;\">U.E. : Union Europ\u00e9enne.<\/span><\/b><\/li>\n<li><span style=\"font-weight: 400;\">OXFAM-NOVIB\u00a0: ONG N\u00e9erlandaise.<\/span><\/li>\n<li><span style=\"font-weight: 400;\">A.C.C.D. : Agence Catalane pourla Coop\u00e9rationet le D\u00e9veloppement.<\/span><\/li>\n<li><span style=\"font-weight: 400;\">A.E.C.I.D. : Agence Espagnole de Coop\u00e9ration Internationale et de D\u00e9veloppement<\/span><\/li>\n<li><span style=\"font-weight: 400;\">A.C.SUR\u00a0: Association Espagnole de Coop\u00e9ration avec le Sud.<\/span><\/li>\n<li><span style=\"font-weight: 400;\">SODEPAU\u00a0: Solidaritat, Desenvolupament I Pau (ONG Catalane).<\/span><\/li>\n<li><span style=\"font-weight: 400;\">FDHM: Fonds pour les Droits Humains Mondiaux.<\/span><\/li>\n<li><span style=\"font-weight: 400;\">FES: Fondation Fr\u00e9deric Ebert (Friedrich-Ebert-Stiftung ou FES)<\/span><\/li>\n<li>Ambassades de pays d\u00e9mocratiques tels <b>la Finlande<\/b>, l<b>a Norv\u00e8ge<\/b> et<b> le Royaume des Pays-Bas<\/b>.<\/li>\n<\/ul>\n","protected":false},"excerpt":{"rendered":"<p>L\u2019AMDH compte plus de 10.000 adh\u00e9rent(e)s \u00e0 fin d\u00e9cembre 2009 dont 20% de femmes.\u00a0Elle a 91 sections locales, 4 commissions pr\u00e9paratoires et 9 sections r\u00e9gionales r\u00e9parties sur l\u2019ensemble du territoire et \u00e0 l&rsquo;\u00e9tranger.\u00a0Le Congr\u00e8s national se tient tous les trois ans\u00a0; il \u00e9lit une commission administrative dont le nombre maximal est fix\u00e9 \u00e0 75 membres. [&hellip;]<\/p>\n","protected":false},"author":1,"featured_media":0,"parent":0,"menu_order":0,"comment_status":"closed","ping_status":"closed","template":"","meta":{"footnotes":""},"class_list":["post-3896","page","type-page","status-publish","hentry"],"post_mailing_queue_ids":[],"_links":{"self":[{"href":"http:\/\/amdhparis.org\/wordpress\/index.php?rest_route=\/wp\/v2\/pages\/3896","targetHints":{"allow":["GET"]}}],"collection":[{"href":"http:\/\/amdhparis.org\/wordpress\/index.php?rest_route=\/wp\/v2\/pages"}],"about":[{"href":"http:\/\/amdhparis.org\/wordpress\/index.php?rest_route=\/wp\/v2\/types\/page"}],"author":[{"embeddable":true,"href":"http:\/\/amdhparis.org\/wordpress\/index.php?rest_route=\/wp\/v2\/users\/1"}],"replies":[{"embeddable":true,"href":"http:\/\/amdhparis.org\/wordpress\/index.php?rest_route=%2Fwp%2Fv2%2Fcomments&post=3896"}],"version-history":[{"count":5,"href":"http:\/\/amdhparis.org\/wordpress\/index.php?rest_route=\/wp\/v2\/pages\/3896\/revisions"}],"predecessor-version":[{"id":4010,"href":"http:\/\/amdhparis.org\/wordpress\/index.php?rest_route=\/wp\/v2\/pages\/3896\/revisions\/4010"}],"wp:attachment":[{"href":"http:\/\/amdhparis.org\/wordpress\/index.php?rest_route=%2Fwp%2Fv2%2Fmedia&parent=3896"}],"curies":[{"name":"wp","href":"https:\/\/api.w.org\/{rel}","templated":true}]}}