{"id":3899,"date":"2017-04-04T21:16:57","date_gmt":"2017-04-04T21:16:57","guid":{"rendered":"http:\/\/amdhparis.org\/wordpress\/?page_id=3899"},"modified":"2023-03-05T02:18:28","modified_gmt":"2023-03-05T02:18:28","slug":"equipes","status":"publish","type":"page","link":"http:\/\/amdhparis.org\/wordpress\/?page_id=3899","title":{"rendered":"Bureau"},"content":{"rendered":"<p>Les membres du bureau sont \u00e9lus pour une dur\u00e9e de 1 an et demi lors d&rsquo;une\u00a0assembl\u00e9e g\u00e9n\u00e9rale \u00e9lective.<\/p>\n<p>Les membres \u00e9lu au bureau actuel (assembl\u00e9e g\u00e9n\u00e9rale du samedi 27 F\u00e9vrier 2021) \u00a0sont :<\/p>\n<ul>\n<li><strong>Pr\u00e9sident<\/strong> : Hassan AGLGAL<\/li>\n<li><strong>Vice-pr\u00e9sident<\/strong> : Najia EL RHAOUI<\/li>\n<li><strong>Secr\u00e9taire g\u00e9n\u00e9rale<\/strong> : Tahani BRAHMA<\/li>\n<li><strong>Vice-secr\u00e9taire g\u00e9n\u00e9rale<\/strong> : Mehdi ZERRAD<\/li>\n<li><strong>Tr\u00e9sorier<\/strong> : Wiame GHMIMAT<\/li>\n<li><strong>Vice-tr\u00e9sorier<\/strong> : Badr ZEROUAL<\/li>\n<li><strong>Charg\u00e9-e-s de mission<\/strong> :<br \/>\n&#8211; Malika RAMANI<br \/>\n&#8211; Soumaya ERREGRAGUI<br \/>\n&#8211; Said KADDOURI<br \/>\n&#8211; Mohamed JAITE<\/li>\n<\/ul>\n","protected":false},"excerpt":{"rendered":"<p>Les membres du bureau sont \u00e9lus pour une dur\u00e9e de 1 an et demi lors d&rsquo;une\u00a0assembl\u00e9e g\u00e9n\u00e9rale \u00e9lective. Les membres \u00e9lu au bureau actuel (assembl\u00e9e g\u00e9n\u00e9rale du samedi 27 F\u00e9vrier 2021) \u00a0sont : Pr\u00e9sident : Hassan AGLGAL Vice-pr\u00e9sident : Najia EL RHAOUI Secr\u00e9taire g\u00e9n\u00e9rale : Tahani BRAHMA Vice-secr\u00e9taire g\u00e9n\u00e9rale : Mehdi ZERRAD Tr\u00e9sorier : Wiame [&hellip;]<\/p>\n","protected":false},"author":1,"featured_media":0,"parent":0,"menu_order":0,"comment_status":"closed","ping_status":"closed","template":"","meta":{"footnotes":""},"class_list":["post-3899","page","type-page","status-publish","hentry"],"post_mailing_queue_ids":[],"_links":{"self":[{"href":"http:\/\/amdhparis.org\/wordpress\/index.php?rest_route=\/wp\/v2\/pages\/3899","targetHints":{"allow":["GET"]}}],"collection":[{"href":"http:\/\/amdhparis.org\/wordpress\/index.php?rest_route=\/wp\/v2\/pages"}],"about":[{"href":"http:\/\/amdhparis.org\/wordpress\/index.php?rest_route=\/wp\/v2\/types\/page"}],"author":[{"embeddable":true,"href":"http:\/\/amdhparis.org\/wordpress\/index.php?rest_route=\/wp\/v2\/users\/1"}],"replies":[{"embeddable":true,"href":"http:\/\/amdhparis.org\/wordpress\/index.php?rest_route=%2Fwp%2Fv2%2Fcomments&post=3899"}],"version-history":[{"count":14,"href":"http:\/\/amdhparis.org\/wordpress\/index.php?rest_route=\/wp\/v2\/pages\/3899\/revisions"}],"predecessor-version":[{"id":4825,"href":"http:\/\/amdhparis.org\/wordpress\/index.php?rest_route=\/wp\/v2\/pages\/3899\/revisions\/4825"}],"wp:attachment":[{"href":"http:\/\/amdhparis.org\/wordpress\/index.php?rest_route=%2Fwp%2Fv2%2Fmedia&parent=3899"}],"curies":[{"name":"wp","href":"https:\/\/api.w.org\/{rel}","templated":true}]}}