{"id":3926,"date":"2017-04-13T17:07:23","date_gmt":"2017-04-13T17:07:23","guid":{"rendered":"http:\/\/amdhparis.org\/wordpress\/?page_id=3926"},"modified":"2017-06-21T22:00:44","modified_gmt":"2017-06-21T22:00:44","slug":"objectifs","status":"publish","type":"page","link":"http:\/\/amdhparis.org\/wordpress\/?page_id=3926","title":{"rendered":"Pr\u00e9sentation"},"content":{"rendered":"<p>La section parisienne de l&rsquo;Association Marocaine des Droits Humains est <a href=\"http:\/\/amdhparis.org\/wordpress\/?p=328\">n\u00e9e le 15 septembre 2012<\/a>. La cr\u00e9ation de l&rsquo;AMDH-Paris\/IDF repr\u00e9sente l&rsquo;aboutissement du travail des membres des \u00ab\u00a0amis de l&rsquo;AMDH Paris\u00a0\u00bb et plus globalement celui des militantes, militants et sympathisant(e)s de l\u2019AMDH.<\/p>\n<p>Membres de l\u2019Association Marocaines des Droits Humains, dont le si\u00e8ge est \u00e0 Rabat, nous nous activons pour faire conna\u00eetre les luttes et combats de cette association, diffuser et soutenir ses combats et sa vision des droits humains dans la r\u00e9gion parisienne. Nous voulons faire conna\u00eetre au public parisien ses revendications, actions, manifestations, enqu\u00eates et prises de position. (Communiqu\u00e9 de cr\u00e9ation de la section\u00a0:\u00a0<a href=\"http:\/\/amdhparis.org\/wordpress\/?p=328\">http:\/\/amdhparis.org\/wordpress\/?p=328<\/a>).<\/p>\n<p>De tout \u00e2ge et de tout horizon, nous nous consid\u00e9rons porteurs-porteuses d&rsquo;une conception particuli\u00e8re de d\u00e9fense des Droits Humains\u00a0; celle de l\u2019AMDH. Une conception progressiste, d\u00e9mocratique, ind\u00e9pendante et de masse<\/p>\n<p><span style=\"font-weight: 400;\">Tel qu\u2019inscrit dans ses statuts, l\u2019AMDH Paris\/Ile de France se donne pour objectif la lutte pour la pr\u00e9servation de la dignit\u00e9 humaine ainsi que la d\u00e9fense et la promotion de tous les droits humains dans leur universalit\u00e9 et globalit\u00e9.<\/span><\/p>\n<p><b>Notre association vise notamment \u00e0 :<\/b><\/p>\n<ul>\n<li style=\"font-weight: 400;\"><span style=\"font-weight: 400;\">Faire conna\u00eetre, diffuser et \u00e9duquer aux droits humains.<\/span><\/li>\n<li style=\"font-weight: 400;\"><span style=\"font-weight: 400;\">Relever, d\u00e9noncer et condamner toute violation des droits humains au Maroc comme \u00e0 l\u2019\u00e9tranger et \u0153uvrer \u00e0 leur cessation.<\/span><\/li>\n<li style=\"font-weight: 400;\"><span style=\"font-weight: 400;\">Apporter la solidarit\u00e9, le soutien et l&rsquo;appui aux victimes des violations.<\/span><\/li>\n<li style=\"font-weight: 400;\"><span style=\"font-weight: 400;\">Faire conna\u00eetre par tous les moyens l\u2019Association Marocaine des Droits Humains et ses activit\u00e9s.<\/span><\/li>\n<\/ul>\n","protected":false},"excerpt":{"rendered":"<p>La section parisienne de l&rsquo;Association Marocaine des Droits Humains est n\u00e9e le 15 septembre 2012. La cr\u00e9ation de l&rsquo;AMDH-Paris\/IDF repr\u00e9sente l&rsquo;aboutissement du travail des membres des \u00ab\u00a0amis de l&rsquo;AMDH Paris\u00a0\u00bb et plus globalement celui des militantes, militants et sympathisant(e)s de l\u2019AMDH. Membres de l\u2019Association Marocaines des Droits Humains, dont le si\u00e8ge est \u00e0 Rabat, nous [&hellip;]<\/p>\n","protected":false},"author":1,"featured_media":0,"parent":0,"menu_order":0,"comment_status":"closed","ping_status":"closed","template":"","meta":{"footnotes":""},"class_list":["post-3926","page","type-page","status-publish","hentry"],"post_mailing_queue_ids":[],"_links":{"self":[{"href":"http:\/\/amdhparis.org\/wordpress\/index.php?rest_route=\/wp\/v2\/pages\/3926","targetHints":{"allow":["GET"]}}],"collection":[{"href":"http:\/\/amdhparis.org\/wordpress\/index.php?rest_route=\/wp\/v2\/pages"}],"about":[{"href":"http:\/\/amdhparis.org\/wordpress\/index.php?rest_route=\/wp\/v2\/types\/page"}],"author":[{"embeddable":true,"href":"http:\/\/amdhparis.org\/wordpress\/index.php?rest_route=\/wp\/v2\/users\/1"}],"replies":[{"embeddable":true,"href":"http:\/\/amdhparis.org\/wordpress\/index.php?rest_route=%2Fwp%2Fv2%2Fcomments&post=3926"}],"version-history":[{"count":4,"href":"http:\/\/amdhparis.org\/wordpress\/index.php?rest_route=\/wp\/v2\/pages\/3926\/revisions"}],"predecessor-version":[{"id":4239,"href":"http:\/\/amdhparis.org\/wordpress\/index.php?rest_route=\/wp\/v2\/pages\/3926\/revisions\/4239"}],"wp:attachment":[{"href":"http:\/\/amdhparis.org\/wordpress\/index.php?rest_route=%2Fwp%2Fv2%2Fmedia&parent=3926"}],"curies":[{"name":"wp","href":"https:\/\/api.w.org\/{rel}","templated":true}]}}