{"id":3939,"date":"2017-04-13T18:38:55","date_gmt":"2017-04-13T18:38:55","guid":{"rendered":"http:\/\/amdhparis.org\/wordpress\/?page_id=3939"},"modified":"2017-06-25T12:51:18","modified_gmt":"2017-06-25T12:51:18","slug":"adherer","status":"publish","type":"page","link":"http:\/\/amdhparis.org\/wordpress\/?page_id=3939","title":{"rendered":"Adh\u00e9rer"},"content":{"rendered":"<p>L\u2019adh\u00e9sion \u00e0 l\u2019AMDH est ouverte \u00e0 toute personne se pr\u00e9occupant des Droits Humains au Maroc.<\/p>\n<p>Afin d&rsquo;adh\u00e9rer \u00e0 l&rsquo;AMDH il faut :<\/p>\n<ul>\n<li><span style=\"font-weight: 400;\">S\u2019engager \u00e0 respecter les principes, les statuts et le r\u00e8glement int\u00e9rieur de l\u2019AMDH.<\/span><\/li>\n<li><span style=\"font-weight: 400;\">Etre parrain\u00e9 par deux membres de l\u2019Association.<\/span><\/li>\n<li><span style=\"font-weight: 400;\">Remplir le Formulaire de demande d\u2019adh\u00e9sion.<\/span><\/li>\n<\/ul>\n<p><span style=\"font-weight: 400;\">Le prix normal de la carte d\u2019adh\u00e9sion annuelle est de 30 \u20ac (10 \u20ac pour les \u00e9tudiantEs\/ch\u00f4meurs\/ses)<\/span><\/p>\n<p>Vous pouvez nous rencontrer lors de nos r\u00e9unions mensuelles pour poser vos questions, vous renseigner ou tout simplement faire la connaissance de nos militantEs. Vous pouvez \u00e9galement assister \u00e0 un des nombreux \u00e9v\u00e9nements que l&rsquo;Association organise au cours de l&rsquo;ann\u00e9e, nous militantEs seront l\u00e0 pour vous accueillir.<\/p>\n<p>Pour tout renseignement, question, demande ou pr\u00e9cision, veuillez remplir formulaire suivant :<\/p>\n\n<div class=\"wpcf7 no-js\" id=\"wpcf7-f4117-o1\" lang=\"fr-FR\" dir=\"ltr\" data-wpcf7-id=\"4117\">\n<div class=\"screen-reader-response\"><p role=\"status\" aria-live=\"polite\" aria-atomic=\"true\"><\/p> <ul><\/ul><\/div>\n<form action=\"\/wordpress\/index.php?rest_route=%2Fwp%2Fv2%2Fpages%2F3939#wpcf7-f4117-o1\" method=\"post\" class=\"wpcf7-form init\" aria-label=\"Formulaire de contact\" novalidate=\"novalidate\" data-status=\"init\">\n<fieldset class=\"hidden-fields-container\"><input type=\"hidden\" name=\"_wpcf7\" value=\"4117\" \/><input type=\"hidden\" name=\"_wpcf7_version\" value=\"6.1.5\" \/><input type=\"hidden\" name=\"_wpcf7_locale\" value=\"fr_FR\" \/><input type=\"hidden\" name=\"_wpcf7_unit_tag\" value=\"wpcf7-f4117-o1\" \/><input type=\"hidden\" name=\"_wpcf7_container_post\" value=\"0\" \/><input type=\"hidden\" name=\"_wpcf7_posted_data_hash\" value=\"\" \/>\n<\/fieldset>\n<p><label> Votre nom (obligatoire)<br \/>\n<span class=\"wpcf7-form-control-wrap\" data-name=\"your-name\"><input size=\"40\" maxlength=\"400\" class=\"wpcf7-form-control wpcf7-text wpcf7-validates-as-required\" aria-required=\"true\" aria-invalid=\"false\" value=\"\" type=\"text\" name=\"your-name\" \/><\/span> <\/label>\n<\/p>\n<p><label> Votre e-mail (obligatoire)<br \/>\n<span class=\"wpcf7-form-control-wrap\" data-name=\"your-email\"><input size=\"40\" maxlength=\"400\" class=\"wpcf7-form-control wpcf7-email wpcf7-validates-as-required wpcf7-text wpcf7-validates-as-email\" aria-required=\"true\" aria-invalid=\"false\" value=\"\" type=\"email\" name=\"your-email\" \/><\/span> <\/label>\n<\/p>\n<p><label> Votre num\u00e9ro de t\u00e9l\u00e9phone :<br \/>\n<span class=\"wpcf7-form-control-wrap\" data-name=\"Numrodetlphone\"><input size=\"40\" maxlength=\"400\" class=\"wpcf7-form-control wpcf7-tel wpcf7-text wpcf7-validates-as-tel\" aria-invalid=\"false\" value=\"\" type=\"tel\" name=\"Numrodetlphone\" \/><\/span> <\/label>\n<\/p>\n<p><label> Votre message<br \/>\n<span class=\"wpcf7-form-control-wrap\" data-name=\"your-message\"><textarea cols=\"40\" rows=\"10\" maxlength=\"2000\" class=\"wpcf7-form-control wpcf7-textarea\" aria-invalid=\"false\" name=\"your-message\"><\/textarea><\/span> <\/label>\n<\/p>\n<p>[recaptcha]\n<\/p>\n<p><input class=\"wpcf7-form-control wpcf7-submit has-spinner\" type=\"submit\" value=\"Envoyer\" \/>\n<\/p><p style=\"display: none !important;\" class=\"akismet-fields-container\" data-prefix=\"_wpcf7_ak_\"><label>&#916;<textarea name=\"_wpcf7_ak_hp_textarea\" cols=\"45\" rows=\"8\" maxlength=\"100\"><\/textarea><\/label><input type=\"hidden\" id=\"ak_js_1\" name=\"_wpcf7_ak_js\" value=\"33\"\/><script type=\"text\/javascript\">\n\/* <![CDATA[ *\/\ndocument.getElementById( \"ak_js_1\" ).setAttribute( \"value\", ( new Date() ).getTime() );\n\/* ]]> *\/\n<\/script>\n<\/p><div class=\"wpcf7-response-output\" aria-hidden=\"true\"><\/div>\n<\/form>\n<\/div>\n\n","protected":false},"excerpt":{"rendered":"<p>L\u2019adh\u00e9sion \u00e0 l\u2019AMDH est ouverte \u00e0 toute personne se pr\u00e9occupant des Droits Humains au Maroc. Afin d&rsquo;adh\u00e9rer \u00e0 l&rsquo;AMDH il faut : S\u2019engager \u00e0 respecter les principes, les statuts et le r\u00e8glement int\u00e9rieur de l\u2019AMDH. Etre parrain\u00e9 par deux membres de l\u2019Association. Remplir le Formulaire de demande d\u2019adh\u00e9sion. Le prix normal de la carte d\u2019adh\u00e9sion [&hellip;]<\/p>\n","protected":false},"author":1,"featured_media":0,"parent":0,"menu_order":0,"comment_status":"closed","ping_status":"closed","template":"","meta":{"footnotes":""},"class_list":["post-3939","page","type-page","status-publish","hentry"],"post_mailing_queue_ids":[],"_links":{"self":[{"href":"http:\/\/amdhparis.org\/wordpress\/index.php?rest_route=\/wp\/v2\/pages\/3939","targetHints":{"allow":["GET"]}}],"collection":[{"href":"http:\/\/amdhparis.org\/wordpress\/index.php?rest_route=\/wp\/v2\/pages"}],"about":[{"href":"http:\/\/amdhparis.org\/wordpress\/index.php?rest_route=\/wp\/v2\/types\/page"}],"author":[{"embeddable":true,"href":"http:\/\/amdhparis.org\/wordpress\/index.php?rest_route=\/wp\/v2\/users\/1"}],"replies":[{"embeddable":true,"href":"http:\/\/amdhparis.org\/wordpress\/index.php?rest_route=%2Fwp%2Fv2%2Fcomments&post=3939"}],"version-history":[{"count":8,"href":"http:\/\/amdhparis.org\/wordpress\/index.php?rest_route=\/wp\/v2\/pages\/3939\/revisions"}],"predecessor-version":[{"id":4250,"href":"http:\/\/amdhparis.org\/wordpress\/index.php?rest_route=\/wp\/v2\/pages\/3939\/revisions\/4250"}],"wp:attachment":[{"href":"http:\/\/amdhparis.org\/wordpress\/index.php?rest_route=%2Fwp%2Fv2%2Fmedia&parent=3939"}],"curies":[{"name":"wp","href":"https:\/\/api.w.org\/{rel}","templated":true}]}}