{"id":3973,"date":"2017-04-13T19:41:53","date_gmt":"2017-04-13T19:41:53","guid":{"rendered":"http:\/\/amdhparis.org\/wordpress\/?page_id=3973"},"modified":"2017-06-21T22:04:42","modified_gmt":"2017-06-21T22:04:42","slug":"activites","status":"publish","type":"page","link":"http:\/\/amdhparis.org\/wordpress\/?page_id=3973","title":{"rendered":"Notre action"},"content":{"rendered":"<p>L\u2019AMDH Paris\/ Ile de France entend poursuivre ses objectifs notamment par les moyens suivants\u00a0:<\/p>\n<ul>\n<li>Les divers moyens et proc\u00e9d\u00e9s d\u2019information et de communication.<\/li>\n<li>Les conf\u00e9rences, tables rondes, colloques, manifestations et activit\u00e9s diverses de formation et de sensibilisation.<\/li>\n<li>Les activit\u00e9s artistiques, culturelles, r\u00e9cr\u00e9atives et sportives, de campement, visant \u00e0 propager les valeurs et normes des droits humains.<\/li>\n<li>L&rsquo;\u00e9tablissement de relations, la coordination et l&rsquo;\u00e9change d&rsquo;exp\u00e9riences avec tout organisme \u00e0 l&rsquo;int\u00e9rieur ou \u00e0 l&rsquo;ext\u00e9rieur ayant les m\u00eames objectifs.<\/li>\n<li>Intervention aupr\u00e8s des responsables et des milieux concern\u00e9s en vue de prot\u00e9ger et garantir le respect des droits humains, de soutenir et rendre justice aux victimes des violations.<\/li>\n<li>Distribution de tracts, sit-in et tout type de rassemblement.<\/li>\n<li>Parce que nous sommes attach\u00e9s(e)s \u00e0 la dignit\u00e9 humaine, nous nous indignons lorsque la justice est bafou\u00e9e au Maroc et partout dans le monde, lorsque les libert\u00e9s y sont viol\u00e9es ou lorsque les droits sociaux, \u00e9conomiques ou culturels n\u2019y sont pas respect\u00e9s<\/li>\n<\/ul>\n<h4>Permanence d&rsquo;acc\u00e8s aux droits<\/h4>\n<p>Les permanences d&rsquo;acc\u00e8s au droits sont organis\u00e9es de mani\u00e8re mensuelle. Le but de ces permanence est d\u2019accueillir, \u00e9couter, informer toute personne sur ses droits. Une orientation vers des organismes partenaires et\/ou contact (en France ou au Maroc) sera donn\u00e9 en cas de besoin d&rsquo;assistance sp\u00e9cifique. Ces permanences se font de mani\u00e8re anonyme et confidentielle tous les troisi\u00e8me samedi du mois.<\/p>\n<p>Pour prendre rendez-vous, veuillez adresser un mail \u00e0 amdh.paris [at] gmail.com<\/p>\n<p>&nbsp;<\/p>\n","protected":false},"excerpt":{"rendered":"<p>L\u2019AMDH Paris\/ Ile de France entend poursuivre ses objectifs notamment par les moyens suivants\u00a0: Les divers moyens et proc\u00e9d\u00e9s d\u2019information et de communication. Les conf\u00e9rences, tables rondes, colloques, manifestations et activit\u00e9s diverses de formation et de sensibilisation. Les activit\u00e9s artistiques, culturelles, r\u00e9cr\u00e9atives et sportives, de campement, visant \u00e0 propager les valeurs et normes des droits [&hellip;]<\/p>\n","protected":false},"author":1,"featured_media":0,"parent":0,"menu_order":0,"comment_status":"closed","ping_status":"closed","template":"","meta":{"footnotes":""},"class_list":["post-3973","page","type-page","status-publish","hentry"],"post_mailing_queue_ids":[],"_links":{"self":[{"href":"http:\/\/amdhparis.org\/wordpress\/index.php?rest_route=\/wp\/v2\/pages\/3973","targetHints":{"allow":["GET"]}}],"collection":[{"href":"http:\/\/amdhparis.org\/wordpress\/index.php?rest_route=\/wp\/v2\/pages"}],"about":[{"href":"http:\/\/amdhparis.org\/wordpress\/index.php?rest_route=\/wp\/v2\/types\/page"}],"author":[{"embeddable":true,"href":"http:\/\/amdhparis.org\/wordpress\/index.php?rest_route=\/wp\/v2\/users\/1"}],"replies":[{"embeddable":true,"href":"http:\/\/amdhparis.org\/wordpress\/index.php?rest_route=%2Fwp%2Fv2%2Fcomments&post=3973"}],"version-history":[{"count":5,"href":"http:\/\/amdhparis.org\/wordpress\/index.php?rest_route=\/wp\/v2\/pages\/3973\/revisions"}],"predecessor-version":[{"id":4241,"href":"http:\/\/amdhparis.org\/wordpress\/index.php?rest_route=\/wp\/v2\/pages\/3973\/revisions\/4241"}],"wp:attachment":[{"href":"http:\/\/amdhparis.org\/wordpress\/index.php?rest_route=%2Fwp%2Fv2%2Fmedia&parent=3973"}],"curies":[{"name":"wp","href":"https:\/\/api.w.org\/{rel}","templated":true}]}}